{"id":10788,"date":"2020-10-28T10:34:20","date_gmt":"2020-10-28T09:34:20","guid":{"rendered":"https:\/\/www.putipiu.it\/prod\/frullato-biologico-di-pesca-200gr\/"},"modified":"2020-10-28T10:34:20","modified_gmt":"2020-10-28T09:34:20","slug":"frullato-biologico-di-pesca-200gr","status":"publish","type":"product","link":"https:\/\/www.putipiu.it\/en\/prod\/frullato-biologico-di-pesca-200gr\/","title":{"rendered":"Frullato Biologico di Pesca &#8211; 200gr"},"content":{"rendered":"<p>Fresco, naturale e ricco di gusto, il frullato biologico di pesca \u00e8 una fonte preziosa di vitamine, in particolare A e C, che aiutano a rinforzare il sistema immunitario e a mantenere la pelle luminosa. Preparato solo con pesche biologiche maturate al sole, senza zuccheri aggiunti n\u00e9 conservanti, \u00e8 l\u2019ideale per una pausa sana, leggera e rigenerante. Un concentrato di benessere da gustare in ogni momento della giornata.<br \/>\nI frullati biologici Putipi\u00f9 combinano la qualit\u00e0 della frutta bio certificata con la praticit\u00e0 del pouch con cannuccia per offrirti la bont\u00e0 di un frullato di frutta fresca, come quello fatto in casa, da portare sempre con s\u00e9, ovunque e per ogni pasto.<\/p>\n","protected":false},"excerpt":{"rendered":"<p>Il frullato biologico di pesca \u00e8 ricco di vitamine e 100% naturale, senza zuccheri aggiunti. Una pausa sana e gustosa per ricaricare energia.<\/p>\n","protected":false},"featured_media":10776,"comment_status":"open","ping_status":"closed","template":"","meta":[],"yoast_head":"<!-- This site is optimized with the Yoast SEO plugin v15.3 - https:\/\/yoast.com\/wordpress\/plugins\/seo\/ -->\n<title>Frullato Biologico di Pesca - 200gr | Putipi\u00f9<\/title>\n<meta name=\"robots\" content=\"index, follow, max-snippet:-1, max-image-preview:large, max-video-preview:-1\" \/>\n<link rel=\"canonical\" href=\"https:\/\/www.putipiu.it\/en\/prod\/frullato-biologico-di-pesca-200gr\/\" \/>\n<meta property=\"og:locale\" content=\"en_US\" \/>\n<meta property=\"og:type\" content=\"article\" \/>\n<meta property=\"og:title\" content=\"Frullato Biologico di Pesca - 200gr | Putipi\u00f9\" \/>\n<meta property=\"og:description\" content=\"Il frullato biologico di pesca \u00e8 ricco di vitamine e 100% naturale, senza zuccheri aggiunti. Una pausa sana e gustosa per ricaricare energia.\" \/>\n<meta property=\"og:url\" content=\"https:\/\/www.putipiu.it\/en\/prod\/frullato-biologico-di-pesca-200gr\/\" \/>\n<meta property=\"og:site_name\" content=\"Putipi\u00f9\" \/>\n<meta property=\"article:publisher\" content=\"https:\/\/www.facebook.com\/putipiu\" \/>\n<meta name=\"twitter:card\" content=\"summary_large_image\" \/>\n<meta name=\"twitter:label1\" content=\"Written by\">\n\t<meta name=\"twitter:data1\" content=\"Amministratore Putipiu.it\">\n\t<meta name=\"twitter:label2\" content=\"Est. reading time\">\n\t<meta name=\"twitter:data2\" content=\"0 minutes\">\n<script type=\"application\/ld+json\" class=\"yoast-schema-graph\">{\"@context\":\"https:\/\/schema.org\",\"@graph\":[{\"@type\":\"Organization\",\"@id\":\"https:\/\/www.putipiu.it\/#organization\",\"name\":\"Putipi\\u00f9\",\"url\":\"https:\/\/www.putipiu.it\/\",\"sameAs\":[\"https:\/\/www.facebook.com\/putipiu\",\"https:\/\/www.instagram.com\/putipiu\"],\"logo\":{\"@type\":\"ImageObject\",\"@id\":\"https:\/\/www.putipiu.it\/#logo\",\"inLanguage\":\"en-US\",\"url\":\"https:\/\/www.putipiu.it\/wp-content\/uploads\/2020\/10\/putipiu-logo.png\",\"width\":300,\"height\":300,\"caption\":\"Putipi\\u00f9\"},\"image\":{\"@id\":\"https:\/\/www.putipiu.it\/#logo\"}},{\"@type\":\"WebSite\",\"@id\":\"https:\/\/www.putipiu.it\/#website\",\"url\":\"https:\/\/www.putipiu.it\/\",\"name\":\"Putipi\\u00f9\",\"description\":\"Italian food philosophy\",\"publisher\":{\"@id\":\"https:\/\/www.putipiu.it\/#organization\"},\"potentialAction\":[{\"@type\":\"SearchAction\",\"target\":\"https:\/\/www.putipiu.it\/?s={search_term_string}\",\"query-input\":\"required name=search_term_string\"}],\"inLanguage\":\"en-US\"},{\"@type\":\"ImageObject\",\"@id\":\"https:\/\/www.putipiu.it\/en\/prod\/frullato-biologico-di-pesca-200gr\/#primaryimage\",\"inLanguage\":\"en-US\",\"url\":\"https:\/\/www.putipiu.it\/wp-content\/uploads\/2025\/05\/pesca200-square.png\",\"width\":600,\"height\":600},{\"@type\":\"WebPage\",\"@id\":\"https:\/\/www.putipiu.it\/en\/prod\/frullato-biologico-di-pesca-200gr\/#webpage\",\"url\":\"https:\/\/www.putipiu.it\/en\/prod\/frullato-biologico-di-pesca-200gr\/\",\"name\":\"Frullato Biologico di Pesca - 200gr | Putipi\\u00f9\",\"isPartOf\":{\"@id\":\"https:\/\/www.putipiu.it\/#website\"},\"primaryImageOfPage\":{\"@id\":\"https:\/\/www.putipiu.it\/en\/prod\/frullato-biologico-di-pesca-200gr\/#primaryimage\"},\"datePublished\":\"2020-10-28T09:34:20+00:00\",\"dateModified\":\"2020-10-28T09:34:20+00:00\",\"inLanguage\":\"en-US\",\"potentialAction\":[{\"@type\":\"ReadAction\",\"target\":[\"https:\/\/www.putipiu.it\/en\/prod\/frullato-biologico-di-pesca-200gr\/\"]}]}]}<\/script>\n<!-- \/ Yoast SEO plugin. -->","_links":{"self":[{"href":"https:\/\/www.putipiu.it\/en\/wp-json\/wp\/v2\/product\/10788\/"}],"collection":[{"href":"https:\/\/www.putipiu.it\/en\/wp-json\/wp\/v2\/product\/"}],"about":[{"href":"https:\/\/www.putipiu.it\/en\/wp-json\/wp\/v2\/types\/product\/"}],"replies":[{"embeddable":true,"href":"https:\/\/www.putipiu.it\/en\/wp-json\/wp\/v2\/comments\/?post=10788"}],"wp:featuredmedia":[{"embeddable":true,"href":"https:\/\/www.putipiu.it\/en\/wp-json\/wp\/v2\/media\/10776\/"}],"wp:attachment":[{"href":"https:\/\/www.putipiu.it\/en\/wp-json\/wp\/v2\/media\/?parent=10788"}],"curies":[{"name":"wp","href":"https:\/\/api.w.org\/{rel}","templated":true}]}}